{"id":11526,"date":"2022-03-25T10:57:22","date_gmt":"2022-03-25T09:57:22","guid":{"rendered":"https:\/\/www.f-haus.de\/cms\/?page_id=11526"},"modified":"2026-04-09T14:55:15","modified_gmt":"2026-04-09T12:55:15","slug":"verlegungabsage","status":"publish","type":"page","link":"https:\/\/www.f-haus.de\/cms\/verlegungabsage\/","title":{"rendered":"Verlegungen und Absagen"},"content":{"rendered":"\n<p class=\"has-black-color has-text-color\">Aktuelle Termin\u00e4nderungen <strong>(Stand 09.04.26)<\/strong>, Updates werden immer hier im Post erscheinen: \u00a0<\/p>\n\n\n\n<p><\/p>\n\n\n\n<ul class=\"wp-block-list\">\n<li>09.04.26 Die Show mit YEAR OF THE GOAT findet im KuBa, Spitzweidenweg 28, 07743 Jena statt. Die f\u00fcrs F-Haus gekauften Tickets gelten dort. (Eintrag vom 09.04.26)<\/li>\n\n\n\n<li>17.04.26 Die Show mit OPIUM F\u00dcRS VOLK f\u00e4llt leider ersatzlos aus. Tickets bitte dort zur\u00fcckgeben, wo gekauft. (Eintrag vom 11.12.25)<\/li>\n\n\n\n<li>18.09.26 Die Show mit TRANSMISSION f\u00e4llt leider ersatzlos aus. Tickets bitte dort zur\u00fcckgeben, wo gekauft. (Eintrag vom 17.03.26)<\/li>\n<\/ul>\n\n\n\n<p class=\"has-black-color has-text-color\">Gekaufte Tickets bleiben bei Verschiebung g\u00fcltig. Bei Absage einer Veranstaltung bitte dort zur\u00fcckgeben, wo gekauft.<\/p>\n\n\n\n<h6 class=\"wp-block-heading has-black-color has-text-color\">############################<\/h6>\n","protected":false},"excerpt":{"rendered":"<p>Aktuelle Termin\u00e4nderungen (Stand 09.04.26), Updates werden immer hier im Post erscheinen: \u00a0 Gekaufte Tickets bleiben bei Verschiebung g\u00fcltig. Bei Absage einer Veranstaltung bitte dort zur\u00fcckgeben, wo gekauft. ############################<\/p>\n","protected":false},"author":1,"featured_media":0,"parent":0,"menu_order":0,"comment_status":"closed","ping_status":"closed","template":"","meta":{"_kad_post_transparent":"","_kad_post_title":"","_kad_post_layout":"","_kad_post_sidebar_id":"","_kad_post_content_style":"","_kad_post_vertical_padding":"","_kad_post_feature":"","_kad_post_feature_position":"","_kad_post_header":false,"_kad_post_footer":false,"_kad_post_classname":"","footnotes":""},"class_list":["post-11526","page","type-page","status-publish","hentry"],"_links":{"self":[{"href":"https:\/\/www.f-haus.de\/cms\/wp-json\/wp\/v2\/pages\/11526","targetHints":{"allow":["GET"]}}],"collection":[{"href":"https:\/\/www.f-haus.de\/cms\/wp-json\/wp\/v2\/pages"}],"about":[{"href":"https:\/\/www.f-haus.de\/cms\/wp-json\/wp\/v2\/types\/page"}],"author":[{"embeddable":true,"href":"https:\/\/www.f-haus.de\/cms\/wp-json\/wp\/v2\/users\/1"}],"replies":[{"embeddable":true,"href":"https:\/\/www.f-haus.de\/cms\/wp-json\/wp\/v2\/comments?post=11526"}],"version-history":[{"count":47,"href":"https:\/\/www.f-haus.de\/cms\/wp-json\/wp\/v2\/pages\/11526\/revisions"}],"predecessor-version":[{"id":15243,"href":"https:\/\/www.f-haus.de\/cms\/wp-json\/wp\/v2\/pages\/11526\/revisions\/15243"}],"wp:attachment":[{"href":"https:\/\/www.f-haus.de\/cms\/wp-json\/wp\/v2\/media?parent=11526"}],"curies":[{"name":"wp","href":"https:\/\/api.w.org\/{rel}","templated":true}]}}