{"id":11752,"date":"2022-05-18T09:52:01","date_gmt":"2022-05-18T07:52:01","guid":{"rendered":"https:\/\/www.f-haus.de\/cms\/newsletter-2\/"},"modified":"2022-05-19T11:15:39","modified_gmt":"2022-05-19T09:15:39","slug":"newsletter","status":"publish","type":"page","link":"https:\/\/www.f-haus.de\/cms\/newsletter\/","title":{"rendered":"Newsletter"},"content":{"rendered":"<p>Du m\u00f6chtest immer auf dem Laufenden sein, auch wenn sich ein Konzert oder eine Party einmal verschiebt? Dann melde Dich zu unserem Newsletter an.<\/p>\n<p>Wir werden uns hier\u00fcber nur bei wichtigen Updates, wie Konzertausfall oder -verschiebung melden und maximal 1 mal im Monat auf kommende Konzerte und Shows hinweisen. Deine daf\u00fcr gespeicherte eMail-Adresse wird ausschlie\u00dflich f\u00fcr diesen Zweck genutzt und nicht weitergegeben.<\/p>\n<p>___________________________________________<\/p>\n<p><div class=\"tnp tnp-subscription \">\n<form method=\"post\" action=\"https:\/\/www.f-haus.de\/cms\/wp-admin\/admin-ajax.php?action=tnp&amp;na=s\">\n<input type=\"hidden\" name=\"nlang\" value=\"\">\n<div class=\"tnp-field tnp-field-email\"><label for=\"tnp-1\">Email<\/label>\n<input class=\"tnp-email\" type=\"email\" name=\"ne\" id=\"tnp-1\" value=\"\" placeholder=\"\" required><\/div>\n<div class=\"tnp-field tnp-privacy-field\"><label><input type=\"checkbox\" name=\"ny\" required class=\"tnp-privacy\"> <a target=\"_blank\" href=\"https:\/\/www.f-haus.de\/cms\/datenschutzerklaerung\/\">Ich akzeptiere bei Anmeldung zum Newsletter die Datenschutzbestimmungen dieser Seite<\/a><\/label><\/div><div class=\"tnp-field tnp-field-button\" style=\"text-align: left\"><input class=\"tnp-submit\" type=\"submit\" value=\"Anmelden\" style=\"\">\n<\/div>\n<\/form>\n<\/div>\n<\/p>\n","protected":false},"excerpt":{"rendered":"<p>Du m\u00f6chtest immer auf dem Laufenden sein, auch wenn sich ein Konzert oder eine Party einmal verschiebt? Dann melde Dich zu unserem Newsletter an. Wir werden uns hier\u00fcber nur bei&#8230;<\/p>\n","protected":false},"author":1,"featured_media":0,"parent":0,"menu_order":0,"comment_status":"closed","ping_status":"closed","template":"","meta":{"_kad_post_transparent":"","_kad_post_title":"","_kad_post_layout":"","_kad_post_sidebar_id":"","_kad_post_content_style":"","_kad_post_vertical_padding":"","_kad_post_feature":"","_kad_post_feature_position":"","_kad_post_header":false,"_kad_post_footer":false,"_kad_post_classname":"","footnotes":""},"class_list":["post-11752","page","type-page","status-publish","hentry"],"_links":{"self":[{"href":"https:\/\/www.f-haus.de\/cms\/wp-json\/wp\/v2\/pages\/11752","targetHints":{"allow":["GET"]}}],"collection":[{"href":"https:\/\/www.f-haus.de\/cms\/wp-json\/wp\/v2\/pages"}],"about":[{"href":"https:\/\/www.f-haus.de\/cms\/wp-json\/wp\/v2\/types\/page"}],"author":[{"embeddable":true,"href":"https:\/\/www.f-haus.de\/cms\/wp-json\/wp\/v2\/users\/1"}],"replies":[{"embeddable":true,"href":"https:\/\/www.f-haus.de\/cms\/wp-json\/wp\/v2\/comments?post=11752"}],"version-history":[{"count":0,"href":"https:\/\/www.f-haus.de\/cms\/wp-json\/wp\/v2\/pages\/11752\/revisions"}],"wp:attachment":[{"href":"https:\/\/www.f-haus.de\/cms\/wp-json\/wp\/v2\/media?parent=11752"}],"curies":[{"name":"wp","href":"https:\/\/api.w.org\/{rel}","templated":true}]}}