{"id":12530,"date":"2023-04-27T12:48:21","date_gmt":"2023-04-27T10:48:21","guid":{"rendered":"https:\/\/www.f-haus.de\/cms\/?page_id=12530"},"modified":"2023-04-27T12:54:48","modified_gmt":"2023-04-27T10:54:48","slug":"barrierefreiheit","status":"publish","type":"page","link":"https:\/\/www.f-haus.de\/cms\/barrierefreiheit\/","title":{"rendered":"Barrierefreiheit"},"content":{"rendered":"\n<p><strong>Unser Haus ist weitestgehend barrierefrei, hier einige Infos:<\/strong><\/p>\n\n\n\n<ul class=\"wp-block-list\">\n<li>Barrierefreier Zugang ins F-Haus ist \u00fcber den Haupteingang des &#8222;Haus der Gewerkschaften&#8220; in der Bachstra\u00dfe\/Johannisplatz m\u00f6glich. (Gegen\u00fcber Irish Pub, links davon ist ein D\u00f6nerladen). Bitte am jeweiligen Veranstaltungseinlass (Krautgasse bei Konzerten und Parties, Bachstrasse bei allen vollbestuhlten Veranstaltungen) bescheid geben. Ihr werdet dann am Haupteingang abgeholt.<\/li>\n\n\n\n<li>Es gibt im Haus eine barrierefreie Toilette, f\u00fcr diese wird ein sogenannter &#8222;Euroschl\u00fcssel&#8220; ben\u00f6tigt. Dieser ist selbst mitzubringen, wir haben keinen. Bitte bei Bedarf an der Bar bescheid geben.<\/li>\n\n\n\n<li>Wir haben keine extra ausgewiesenen &#8222;Rolli-Pl\u00e4tze&#8220; im Saal. Da unsere B\u00fchne sehr hoch ist, ist sie von \u00fcberall sehr gut einsehbar.<\/li>\n\n\n\n<li>Bei allen unseren eigenen Veranstaltungen gilt: Liegt eine Schwerbehinderung vor (Ausweis), ben\u00f6tigt die Begleitperson kein eigenes Ticket und erh\u00e4lt freien Eintritt.<\/li>\n<\/ul>\n\n\n\n<p>Habt keine Scheu, bei Fragen unsere Mitarbeiter oder die Security anzusprechen.<\/p>\n\n\n\n<p>Viel Spass bei uns im F-Haus.<\/p>\n","protected":false},"excerpt":{"rendered":"<p>Unser Haus ist weitestgehend barrierefrei, hier einige Infos: Habt keine Scheu, bei Fragen unsere Mitarbeiter oder die Security anzusprechen. Viel Spass bei uns im F-Haus.<\/p>\n","protected":false},"author":1,"featured_media":0,"parent":0,"menu_order":0,"comment_status":"closed","ping_status":"closed","template":"","meta":{"_kad_post_transparent":"","_kad_post_title":"","_kad_post_layout":"","_kad_post_sidebar_id":"","_kad_post_content_style":"","_kad_post_vertical_padding":"","_kad_post_feature":"","_kad_post_feature_position":"","_kad_post_header":false,"_kad_post_footer":false,"_kad_post_classname":"","footnotes":""},"class_list":["post-12530","page","type-page","status-publish","hentry"],"_links":{"self":[{"href":"https:\/\/www.f-haus.de\/cms\/wp-json\/wp\/v2\/pages\/12530","targetHints":{"allow":["GET"]}}],"collection":[{"href":"https:\/\/www.f-haus.de\/cms\/wp-json\/wp\/v2\/pages"}],"about":[{"href":"https:\/\/www.f-haus.de\/cms\/wp-json\/wp\/v2\/types\/page"}],"author":[{"embeddable":true,"href":"https:\/\/www.f-haus.de\/cms\/wp-json\/wp\/v2\/users\/1"}],"replies":[{"embeddable":true,"href":"https:\/\/www.f-haus.de\/cms\/wp-json\/wp\/v2\/comments?post=12530"}],"version-history":[{"count":0,"href":"https:\/\/www.f-haus.de\/cms\/wp-json\/wp\/v2\/pages\/12530\/revisions"}],"wp:attachment":[{"href":"https:\/\/www.f-haus.de\/cms\/wp-json\/wp\/v2\/media?parent=12530"}],"curies":[{"name":"wp","href":"https:\/\/api.w.org\/{rel}","templated":true}]}}