{"id":2,"date":"2013-06-17T18:32:53","date_gmt":"2013-06-17T18:32:53","guid":{"rendered":"http:\/\/www.f-haus.de\/web\/?page_id=2"},"modified":"2025-06-04T12:38:39","modified_gmt":"2025-06-04T10:38:39","slug":"einlassordnung","status":"publish","type":"page","link":"https:\/\/www.f-haus.de\/cms\/einlassordnung\/","title":{"rendered":"Einlassordnung"},"content":{"rendered":"<p>Keine Haftung f\u00fcr Sach- oder K\u00f6rpersch\u00e4den. Stagediving &amp; Crowdsurfing sowie das Aufhalten an der B\u00fchnenkante und der Beschallungsanlage auf eigene Gefahr. In keinem Fall Anspruch auf Schadenersatz.<\/p>\n<p>Bei Konzerten und Tanzveranstaltungen besteht aufgrund der Lautst\u00e4rke die Gefahr von H\u00f6r- und Gesundheitssch\u00e4den, f\u00fcr die der Veranstalter ausdr\u00fccklich nicht haftet. Das Betreten des Veranstaltungsortes erfolgt auf eigene Gefahr. Schadenersatzanspr\u00fcche aus positiver Forderungsverletzung, Verschulden bei Vertragsabschlu\u00df und unerlaubter Handlung sind ausgeschlossen, soweit der Veranstalter, sein gesetzlicher Vertreter oder seine Erf\u00fcllungsgehilfen nicht vors\u00e4tzlich oder grob fahrl\u00e4ssig gehandelt haben. Schadensersatzanspr\u00fcche aus Unm\u00f6glichkeit der Leistung und Verzug sind bei leichter Fahrl\u00e4ssigkeit auf den Ersatz des vorhersehbaren Schadens beschr\u00e4nkt. Wir fordern unsere Besucher auf, einen Geh\u00f6rschutz zu tragen!<\/p>\n<p><strong>Wichtig:<\/strong> Kinder und Jugendliche unter 18 Jahren, die in Begleitung ihrer Eltern oder eines Erziehungsbeauftragten Veranstaltungen bei uns besuchen, <strong>erhalten keinen Einlass ohne Geh\u00f6rschutz<\/strong>. In der Regel kann man &#8222;Oropax&#8220; bei uns an der Abendkasse k\u00e4uflich erwerben, dieser Service steht aber nicht immer zur Verf\u00fcgung, bei ausverkauften Veranstaltungen ohne Einlass-Kasse generell nicht. Bitte im Vorfeld beherzigen.<\/p>\n<p>R\u00fccknahme der Karten nur bei genereller Absage der Veranstaltung. Kartenpreiserstattung erfolgt nur \u00fcber die Vorverkaufsstelle, bei der die Karte gekauft wurde, bis 2 Wochen nach Veranstaltungsdatum. Bei Absage oder Verlegung einer Veranstaltung gibt es keine Reisekostenerstattung.<\/p>\n<p>Beim Verlassen des Hauses verliert die Karte ihre G\u00fcltigkeit und es besteht kein Anspruch mehr auf Einlass.<\/p>\n<p>Wenn nicht anders gekennzeichnet, ist der Einlass f\u00fcr alle Veranstaltungen ab dem vollendeten 18. Lebensjahr mit g\u00fcltigem Personalausweis gestattet. Weiterhin gelten die Bestimmungen des Jugendschutzgesetzes der Bundesrepublik Deutschland.<\/p>\n<p>Das Mitbringen von Flaschen, Dosen, Waffen, Drogen sowie Foto-, Tonband- und Videoger\u00e4ten auf das Veranstaltungsgel\u00e4nde ist verboten. Bei Zuwiderhandlung erfolgt der Ausschlu\u00df von der Veranstaltung, ohne Anspruch auf R\u00fcckerstattung. Ebenso ist das Verlassen der Veranstaltungsr\u00e4ume mit Flaschen oder Gl\u00e4sern\/Bechern nicht gestattet.<\/p>\n<p>Das Mitbringen eigener Speisen und Getr\u00e4nke in die Veranstaltungsr\u00e4ume ist nicht gestattet.<\/p>\n<p>Auf dem gesamten Gel\u00e4nde gelten die humanistischen und demokratischen Werte von gegenseitigem Respekt, gelebter Akzeptanz und Gewaltfreiheit. Menschenverachtende, rassistische, antisemitische, militaristische, sexistische, homophobe und gewaltverherrlichende verbale \u00c4u\u00dferungen sowie Zeichen, Symbole, Codes, Marken und Medien, die derartiges transportieren, werden nicht geduldet.<br \/>\nHilfestellung auf diesem Gebiet gibt bei Fragen oder Problemen gern die Koordinierungs- und Kontaktstelle KoKont Jena, <a href=\"mailto:kokont@t-online.de\">kokont@t-online.de<\/a>.<\/p>\n<p>Mit dem L\u00f6sen einer Eintrittskarte\/des Eintrittsgeldes erkl\u00e4ren Sie sich einverstanden, dass Fotos, auf denen Sie eventuell zu sehen sind, auf www.f-haus.de \/ Facebookseite ver\u00f6ffentlicht werden. W\u00fcnschen Sie dies nicht, nennen Sie uns das betreffende Bild (Galerie, Bildnummer).<\/p>\n<p>Den Weisungen des Sicherheitspersonals ist Folge zu leisten. Das Sicherheitspersonal darf im Rahmen der gesetzlichen Bestimmungen Kontrollen auf Verst\u00f6\u00dfe gegen das Waffen- und Bet\u00e4ubungsmittelgesetz durchf\u00fchren.<\/p>\n<p>Das Z\u00fcnden von B\u00f6llern, Raketen oder anderen pyrotechnischen Artikeln im Haus ist strengstens untersagt. Zuwiderhandlung f\u00fchrt zum Ausschluss von der Veranstaltung.<\/p>\n<p>Die F-Haus Event GmbH beh\u00e4lt sich bei Verst\u00f6\u00dfen die Aussprache eines Hausverbotes und weitere rechtliche Schritte vor.<\/p>\n<p>Keine Haftung f\u00fcr Garderobe. Es gilt die Garderobenordnung, welche im Haus mehrfach aush\u00e4ngt.<\/p>\n<p>Mit dem Kauf einer Eintrittskarte\/Eintrittsgeld und\/oder dem Betreten der R\u00e4umlichkeiten der F-Haus Event GmbH erkennen Sie alle Punkte dieser Einlassordnung an und erkl\u00e4ren somit die Einhaltung dieser.<\/p>\n","protected":false},"excerpt":{"rendered":"<p>Was muss ich beachten? Gibt es Altersbeschr\u00e4nkungen? Geh\u00f6rschutz? Gibt es eine Einlassordnung? Die Antworten auf diese Fragen findest Du hier.<\/p>\n","protected":false},"author":1,"featured_media":0,"parent":0,"menu_order":0,"comment_status":"open","ping_status":"open","template":"","meta":{"_kad_post_transparent":"","_kad_post_title":"","_kad_post_layout":"","_kad_post_sidebar_id":"","_kad_post_content_style":"","_kad_post_vertical_padding":"","_kad_post_feature":"","_kad_post_feature_position":"","_kad_post_header":false,"_kad_post_footer":false,"_kad_post_classname":"","footnotes":""},"class_list":["post-2","page","type-page","status-publish","hentry"],"_links":{"self":[{"href":"https:\/\/www.f-haus.de\/cms\/wp-json\/wp\/v2\/pages\/2","targetHints":{"allow":["GET"]}}],"collection":[{"href":"https:\/\/www.f-haus.de\/cms\/wp-json\/wp\/v2\/pages"}],"about":[{"href":"https:\/\/www.f-haus.de\/cms\/wp-json\/wp\/v2\/types\/page"}],"author":[{"embeddable":true,"href":"https:\/\/www.f-haus.de\/cms\/wp-json\/wp\/v2\/users\/1"}],"replies":[{"embeddable":true,"href":"https:\/\/www.f-haus.de\/cms\/wp-json\/wp\/v2\/comments?post=2"}],"version-history":[{"count":2,"href":"https:\/\/www.f-haus.de\/cms\/wp-json\/wp\/v2\/pages\/2\/revisions"}],"predecessor-version":[{"id":14439,"href":"https:\/\/www.f-haus.de\/cms\/wp-json\/wp\/v2\/pages\/2\/revisions\/14439"}],"wp:attachment":[{"href":"https:\/\/www.f-haus.de\/cms\/wp-json\/wp\/v2\/media?parent=2"}],"curies":[{"name":"wp","href":"https:\/\/api.w.org\/{rel}","templated":true}]}}