{"id":509,"date":"2013-06-27T12:12:19","date_gmt":"2013-06-27T10:12:19","guid":{"rendered":"http:\/\/www.f-haus.de\/cms\/?page_id=509"},"modified":"2023-06-05T15:32:58","modified_gmt":"2023-06-05T13:32:58","slug":"vorverkaufsstellen","status":"publish","type":"page","link":"https:\/\/www.f-haus.de\/cms\/vorverkaufsstellen\/","title":{"rendered":"Vorverkaufsstellen"},"content":{"rendered":"<p>Woher bekomme ich meine Tickets?<\/p>\n<p>St\u00e4ndige Vorverkaufsstelle f\u00fcr unsere Tickets vor Ort ist:<\/p>\n<p>Tourist Information Jena<br \/>\nMarkt 16 \/ Oberlauengasse 3<br \/>\n07743 Jena (Zentrum)<br \/>\nTickethotline: 03641\/498060<br \/>\n<a href=\"http:\/\/www.jena.de\/tickets\" target=\"_blank\" rel=\"noopener\">www.jena.de\/tickets<\/a><\/p>\n<hr \/>\n<p>CTS eventim Tickets sind bundesweit in hunderten lokalen Vorverkaufsstellen erh\u00e4ltlich. Wo die n\u00e4chste VVK-Stelle in Deiner N\u00e4he ist, findest Du \u00bb <a href=\"http:\/\/www.eventim.de\/cgi-bin\/tickets.html?affiliate=EVE&amp;doc=search\/ticketAgency\" target=\"_blank\" rel=\"noopener\"><b><span style=\"color: #dc143c;\">hier<\/span><\/b><\/a>.<\/p>\n<hr \/>\n<p>Auf unserer Website (\u00bb <a href=\"https:\/\/www.f-haus.de\/cms\/tickets-kaufen\"><b><span style=\"color: #dc143c;\">www.f-haus.de<\/span><\/b><\/a>) sind alle m\u00f6glichen Online-Vorverk\u00e4ufe direkt verlinkt.\u00a0Hier arbeiten wir haupts\u00e4chlich mit \u00bb <a href=\"https:\/\/www.eventim.de\/\" target=\"_blank\" rel=\"noopener\"><b><span style=\"color: #dc143c;\">CTS-Eventim<\/span><\/b><\/a>, \u00bb <a href=\"https:\/\/www.jena.de\/tickets\" target=\"_blank\" rel=\"noopener\"><b><span style=\"color: #dc143c;\">Jena-Ticket<\/span><\/b><\/a>, und \u00bb <a href=\"https:\/\/www.tixforgigs.com\/\" target=\"_blank\" rel=\"noopener\"><b><span style=\"color: #dc143c;\">Tixforgigs<\/span><\/b><\/a>\u00a0zusammen.<\/p>\n","protected":false},"excerpt":{"rendered":"<p>Woher bekomme ich meine Tickets? St\u00e4ndige Vorverkaufsstelle f\u00fcr unsere Tickets vor Ort ist: Tourist Information Jena Markt 16 \/ Oberlauengasse 3 07743 Jena (Zentrum) Tickethotline: 03641\/498060 www.jena.de\/tickets CTS eventim Tickets&#8230;<\/p>\n","protected":false},"author":1,"featured_media":0,"parent":0,"menu_order":0,"comment_status":"closed","ping_status":"closed","template":"","meta":{"_kad_post_transparent":"","_kad_post_title":"","_kad_post_layout":"","_kad_post_sidebar_id":"","_kad_post_content_style":"","_kad_post_vertical_padding":"","_kad_post_feature":"","_kad_post_feature_position":"","_kad_post_header":false,"_kad_post_footer":false,"_kad_post_classname":"","footnotes":""},"class_list":["post-509","page","type-page","status-publish","hentry"],"_links":{"self":[{"href":"https:\/\/www.f-haus.de\/cms\/wp-json\/wp\/v2\/pages\/509","targetHints":{"allow":["GET"]}}],"collection":[{"href":"https:\/\/www.f-haus.de\/cms\/wp-json\/wp\/v2\/pages"}],"about":[{"href":"https:\/\/www.f-haus.de\/cms\/wp-json\/wp\/v2\/types\/page"}],"author":[{"embeddable":true,"href":"https:\/\/www.f-haus.de\/cms\/wp-json\/wp\/v2\/users\/1"}],"replies":[{"embeddable":true,"href":"https:\/\/www.f-haus.de\/cms\/wp-json\/wp\/v2\/comments?post=509"}],"version-history":[{"count":0,"href":"https:\/\/www.f-haus.de\/cms\/wp-json\/wp\/v2\/pages\/509\/revisions"}],"wp:attachment":[{"href":"https:\/\/www.f-haus.de\/cms\/wp-json\/wp\/v2\/media?parent=509"}],"curies":[{"name":"wp","href":"https:\/\/api.w.org\/{rel}","templated":true}]}}