{"id":541,"date":"2013-06-27T22:20:44","date_gmt":"2013-06-27T20:20:44","guid":{"rendered":"http:\/\/www.f-haus.de\/cms\/?page_id=541"},"modified":"2024-06-14T15:30:50","modified_gmt":"2024-06-14T13:30:50","slug":"unter-18-was-nun","status":"publish","type":"page","link":"https:\/\/www.f-haus.de\/cms\/unter-18-was-nun\/","title":{"rendered":"Unter 18, was nun?"},"content":{"rendered":"<p>F\u00fcr Konzerte im F-Haus sowie von uns veranstaltete Konzerte in anderen Hallen stellen wir ein Formular zur Erziehungsbeauftragung zum Download bereit. <span style=\"color: red;\">Dies gilt <b>NUR<\/b> f\u00fcr Konzerte, <b>nicht f\u00fcr Diskotheken &amp; Parties. F\u00fcr diese gilt generell: Einlass ab 18 Jahre.<\/b><\/span><\/p>\n<p><span style=\"text-decoration: underline;\"><b>Kinder &amp; Jugendliche<\/b><\/span><\/p>\n<p>Auch wir halten uns an das Jugendschutzgesetz. Daher gelten bei uns folgende Bestimmungen:<\/p>\n<p>Es ist ein Altersnachweis mitzuf\u00fchren, g\u00fcltiger Personalausweis oder Reisepass. Auch begleitende Eltern m\u00fcssen mit Dokumenten nachweisen k\u00f6nnen, dass es ihr Kind ist.<\/p>\n<p>Kinder unter 8 Jahren haben -auch in Begleitung von personensorgeberechtigen Personen (i.d.R. die Eltern)- keinen Zutritt zu unseren Veranstaltungen.<\/p>\n<p><strong>Wichtig:<\/strong> Kinder und Jugendliche unter 18 Jahren, die in Begleitung ihrer Eltern oder eines Erziehungsbeauftragten Veranstaltungen bei uns besuchen, <strong>erhalten keinen Einlass ohne Geh\u00f6rschutz<\/strong>. In der Regel kann man &#8222;Oropax&#8220; bei uns an der Abendkasse k\u00e4uflich erwerben, dieser Service steht aber nicht immer zur Verf\u00fcgung, bei ausverkauften Veranstaltungen ohne Einlass-Kasse generell nicht. Bitte im Vorfeld beherzigen.<\/p>\n<p><b>Bei unseren Konzerten gelten folgende Einlassregeln:<\/b><\/p>\n<p>&#8211; Alle Jugendlichen zwischen 14 und 18 Jahren ben\u00f6tigen einen &#8222;Muttizettel&#8220; sowie eine darin aufgef\u00fchrte erziehungsbeauftragte Begleitperson \u00fcber 18 oder ein Elternteil.<br \/>\n<span style=\"color: red;\">Da wir vermehrte Anfragen erhalten haben, folgende Festlegung f\u00fcr Veranstaltungen in unserem Haus: <b>Besteht kein Verwandschaftsverh\u00e4ltnis zwischen der erziehungsbeauftragten Person und den zu beaufsichtigenden Jugendlichen, darf diese erziehungsbeauftragte Person maximal 2 (Zwei) Personen beaufsichtigen.<\/b><\/span><\/p>\n<p>&#8211; Jugendliche unter 14 Jahren d\u00fcrfen die Shows nur in Begleitung eines Erziehungsberechtigten (in der Regel ein Elternteil) besuchen.<\/p>\n<p>\u00bb <a href=\"http:\/\/www.f-haus.de\/download\/erziehungsberechtigte_konzert.pdf\"><span style=\"color: red;\">Hier das Formular zur Erziehungsbeauftragung (&#8222;Muttizettel&#8220;) zum Download (PDF; 20 KB)<\/span><\/a><\/p>\n<p>Es gelten folgende Hinweise im Umgang mit Alkohol (laut Jugendschutzgesetz):<\/p>\n<p>Gem\u00e4\u00df den gesetzlichen Bestimmungen zum Alkoholausschank \u00a7 9 JuSchG d\u00fcrfen und werden wir an Kinder keine alkoholischen Getr\u00e4nke ausschenken. An Jugendliche in Begleitung einer personensorgeberechtigten oder erziehungsbeauftragten Person d\u00fcrfen wir nur Getr\u00e4nke mit geringem Alkoholgehalt &#8211; also Bier, Radler &#8211; ausschenken. Der Zutritt zur Bar ist Kindern und Jugendlichen generell untersagt, auch in Begleitung einer personensorgeberechtigten oder erziehungsbeauftragten Person.<\/p>\n<p>Der Ausschank von Bier, Wein und Sekt an Kinder und Jugendliche unter 16 Jahren ist lediglich im Beisein eines Personensorgeberechtigten erlaubt (\u00a7 9 Abs. 2 JuSchG.). Ausschank also nur im Beisein von Eltern, eine erziehungsbeauftragte Person gen\u00fcgt nicht!<\/p>\n","protected":false},"excerpt":{"rendered":"<p>F\u00fcr Konzerte im F-Haus sowie von uns veranstaltete Konzerte in anderen Hallen stellen wir ein Formular zur Erziehungsbeauftragung zum Download bereit. Dies gilt NUR f\u00fcr Konzerte, nicht f\u00fcr Diskotheken &amp;&#8230;<\/p>\n","protected":false},"author":1,"featured_media":0,"parent":0,"menu_order":0,"comment_status":"closed","ping_status":"closed","template":"","meta":{"_kad_post_transparent":"","_kad_post_title":"","_kad_post_layout":"","_kad_post_sidebar_id":"","_kad_post_content_style":"","_kad_post_vertical_padding":"","_kad_post_feature":"","_kad_post_feature_position":"","_kad_post_header":false,"_kad_post_footer":false,"_kad_post_classname":"","footnotes":""},"class_list":["post-541","page","type-page","status-publish","hentry"],"_links":{"self":[{"href":"https:\/\/www.f-haus.de\/cms\/wp-json\/wp\/v2\/pages\/541","targetHints":{"allow":["GET"]}}],"collection":[{"href":"https:\/\/www.f-haus.de\/cms\/wp-json\/wp\/v2\/pages"}],"about":[{"href":"https:\/\/www.f-haus.de\/cms\/wp-json\/wp\/v2\/types\/page"}],"author":[{"embeddable":true,"href":"https:\/\/www.f-haus.de\/cms\/wp-json\/wp\/v2\/users\/1"}],"replies":[{"embeddable":true,"href":"https:\/\/www.f-haus.de\/cms\/wp-json\/wp\/v2\/comments?post=541"}],"version-history":[{"count":0,"href":"https:\/\/www.f-haus.de\/cms\/wp-json\/wp\/v2\/pages\/541\/revisions"}],"wp:attachment":[{"href":"https:\/\/www.f-haus.de\/cms\/wp-json\/wp\/v2\/media?parent=541"}],"curies":[{"name":"wp","href":"https:\/\/api.w.org\/{rel}","templated":true}]}}