{"id":544,"date":"2013-06-27T22:23:59","date_gmt":"2013-06-27T20:23:59","guid":{"rendered":"http:\/\/www.f-haus.de\/cms\/?page_id=544"},"modified":"2024-06-14T15:32:30","modified_gmt":"2024-06-14T13:32:30","slug":"gehoerschutz","status":"publish","type":"page","link":"https:\/\/www.f-haus.de\/cms\/gehoerschutz\/","title":{"rendered":"Geh\u00f6rschutz"},"content":{"rendered":"<p><span style=\"text-decoration: underline;\"><b>Achtung &#8211; Geh\u00f6rschutz tragen<\/b><\/span><\/p>\n<p>Bei Konzerten und Parties besteht aufgrund der Lautst\u00e4rke die Gefahr von H\u00f6r- und Gesundheitssch\u00e4den, f\u00fcr die der Veranstalter ausdr\u00fccklich nicht haftet. Das Betreten des Veranstaltungsortes erfolgt auf eigene Gefahr. Schadenersatzanspr\u00fcche aus positiver Forderungsverletzung, Verschulden bei Vertragsabschlu\u00df und unerlaubter Handlung sind ausgeschlossen, soweit der Veranstalter, sein gesetzlicher Vertreter oder seine Erf\u00fcllungsgehilfen nicht vors\u00e4tzlich oder grob fahrl\u00e4ssig gehandelt haben. Schadensersatzanspr\u00fcche aus Unm\u00f6glichkeit der Leistung und Verzug sind bei leichter Fahrl\u00e4ssigkeit auf den Ersatz des vorhersehbaren Schadens beschr\u00e4nkt.<\/p>\n<p>Wir fordern unsere Besucher auf, einen Geh\u00f6rschutz zu tragen.<\/p>\n<p><strong>Wichtig:<\/strong> Kinder und Jugendliche unter 18 Jahren, die in Begleitung ihrer Eltern oder eines Erziehungsbeauftragten Veranstaltungen bei uns besuchen, <strong>erhalten keinen Einlass ohne Geh\u00f6rschutz<\/strong>. In der Regel kann man &#8222;Oropax&#8220; bei uns an der Abendkasse k\u00e4uflich erwerben, dieser Service steht aber nicht immer zur Verf\u00fcgung, bei ausverkauften Veranstaltungen ohne Einlass-Kasse generell nicht. Bitte im Vorfeld beherzigen.<\/p>\n","protected":false},"excerpt":{"rendered":"<p>Achtung &#8211; Geh\u00f6rschutz tragen Bei Konzerten und Parties besteht aufgrund der Lautst\u00e4rke die Gefahr von H\u00f6r- und Gesundheitssch\u00e4den, f\u00fcr die der Veranstalter ausdr\u00fccklich nicht haftet. Das Betreten des Veranstaltungsortes erfolgt&#8230;<\/p>\n","protected":false},"author":1,"featured_media":0,"parent":0,"menu_order":0,"comment_status":"closed","ping_status":"closed","template":"","meta":{"_kad_post_transparent":"","_kad_post_title":"","_kad_post_layout":"","_kad_post_sidebar_id":"","_kad_post_content_style":"","_kad_post_vertical_padding":"","_kad_post_feature":"","_kad_post_feature_position":"","_kad_post_header":false,"_kad_post_footer":false,"_kad_post_classname":"","footnotes":""},"class_list":["post-544","page","type-page","status-publish","hentry"],"_links":{"self":[{"href":"https:\/\/www.f-haus.de\/cms\/wp-json\/wp\/v2\/pages\/544","targetHints":{"allow":["GET"]}}],"collection":[{"href":"https:\/\/www.f-haus.de\/cms\/wp-json\/wp\/v2\/pages"}],"about":[{"href":"https:\/\/www.f-haus.de\/cms\/wp-json\/wp\/v2\/types\/page"}],"author":[{"embeddable":true,"href":"https:\/\/www.f-haus.de\/cms\/wp-json\/wp\/v2\/users\/1"}],"replies":[{"embeddable":true,"href":"https:\/\/www.f-haus.de\/cms\/wp-json\/wp\/v2\/comments?post=544"}],"version-history":[{"count":0,"href":"https:\/\/www.f-haus.de\/cms\/wp-json\/wp\/v2\/pages\/544\/revisions"}],"wp:attachment":[{"href":"https:\/\/www.f-haus.de\/cms\/wp-json\/wp\/v2\/media?parent=544"}],"curies":[{"name":"wp","href":"https:\/\/api.w.org\/{rel}","templated":true}]}}